{"id":724,"date":"2018-05-18T02:31:21","date_gmt":"2018-05-17T23:31:21","guid":{"rendered":"http:\/\/www.oitchau.com.br\/blog\/?page_id=724"},"modified":"2023-06-28T18:26:38","modified_gmt":"2023-06-28T15:26:38","slug":"hp-example","status":"publish","type":"page","link":"http:\/\/www.oitchau.com.br\/blog\/","title":{"rendered":"Oitchau Blog"},"content":{"rendered":"","protected":false},"excerpt":{"rendered":"","protected":false},"author":1,"featured_media":0,"parent":0,"menu_order":0,"comment_status":"closed","ping_status":"closed","template":"template-modules.php","meta":{"content-type":"","footnotes":""},"yoast_head":"<!-- This site is optimized with the Yoast SEO Premium plugin v22.2 (Yoast SEO v22.2) - https:\/\/yoast.com\/wordpress\/plugins\/seo\/ -->\n<title>Oitchau Blog | Controle de Ponto &amp; Timesheets<\/title>\n<meta name=\"description\" content=\"O Blog do Oitchau est\u00e1 repleto de conte\u00fados ricos para ajudar as empresas e o RH a facilitarem a sua rotina no dia a dia.\" \/>\n<meta name=\"robots\" content=\"index, follow, max-snippet:-1, max-image-preview:large, max-video-preview:-1\" \/>\n<link rel=\"canonical\" href=\"https:\/\/www.oitchau.com.br\/blog\/\" \/>\n<meta property=\"og:locale\" content=\"pt_BR\" \/>\n<meta property=\"og:type\" content=\"article\" \/>\n<meta property=\"og:title\" content=\"Oitchau Blog\" \/>\n<meta property=\"og:description\" content=\"O Blog do Oitchau est\u00e1 repleto de conte\u00fados ricos para ajudar as empresas e o RH a facilitarem a sua rotina no dia a dia.\" \/>\n<meta property=\"og:url\" content=\"https:\/\/www.oitchau.com.br\/blog\/\" \/>\n<meta property=\"og:site_name\" content=\"Controle de Ponto &amp; Timesheets\" \/>\n<meta property=\"article:publisher\" content=\"https:\/\/www.facebook.com\/oitchaubr\/\" \/>\n<meta property=\"article:modified_time\" content=\"2023-06-28T15:26:38+00:00\" \/>\n<meta property=\"og:image\" content=\"https:\/\/storage.googleapis.com\/oitchaublog\/2018\/06\/a5ddb444-version_blue.png\" \/>\n\t<meta property=\"og:image:width\" content=\"180\" \/>\n\t<meta property=\"og:image:height\" content=\"180\" \/>\n\t<meta property=\"og:image:type\" content=\"image\/png\" \/>\n<meta name=\"twitter:card\" content=\"summary_large_image\" \/>\n<meta name=\"twitter:site\" content=\"@oitchaubr\" \/>\n<script type=\"application\/ld+json\" class=\"yoast-schema-graph\">{\"@context\":\"https:\/\/schema.org\",\"@graph\":[{\"@type\":\"WebPage\",\"@id\":\"https:\/\/www.oitchau.com.br\/blog\/\",\"url\":\"https:\/\/www.oitchau.com.br\/blog\/\",\"name\":\"Oitchau Blog | Controle de Ponto &amp; Timesheets\",\"isPartOf\":{\"@id\":\"https:\/\/www.oitchau.com.br\/blog\/#website\"},\"datePublished\":\"2018-05-17T23:31:21+00:00\",\"dateModified\":\"2023-06-28T15:26:38+00:00\",\"description\":\"O Blog do Oitchau est\u00e1 repleto de conte\u00fados ricos para ajudar as empresas e o RH a facilitarem a sua rotina no dia a dia.\",\"breadcrumb\":{\"@id\":\"https:\/\/www.oitchau.com.br\/blog\/#breadcrumb\"},\"inLanguage\":\"pt-BR\",\"potentialAction\":[{\"@type\":\"ReadAction\",\"target\":[\"https:\/\/www.oitchau.com.br\/blog\/\"]}]},{\"@type\":\"BreadcrumbList\",\"@id\":\"https:\/\/www.oitchau.com.br\/blog\/#breadcrumb\",\"itemListElement\":[{\"@type\":\"ListItem\",\"position\":1,\"name\":\"Blog\",\"item\":\"https:\/\/www.oitchau.com.br\/blog\/\"},{\"@type\":\"ListItem\",\"position\":2,\"name\":\"Oitchau Blog\"}]},{\"@type\":\"WebSite\",\"@id\":\"https:\/\/www.oitchau.com.br\/blog\/#website\",\"url\":\"https:\/\/www.oitchau.com.br\/blog\/\",\"name\":\"Controle de Ponto & Timesheets\",\"description\":\"\",\"publisher\":{\"@id\":\"https:\/\/www.oitchau.com.br\/blog\/#organization\"},\"potentialAction\":[{\"@type\":\"SearchAction\",\"target\":{\"@type\":\"EntryPoint\",\"urlTemplate\":\"https:\/\/www.oitchau.com.br\/blog\/?s={search_term_string}\"},\"query-input\":\"required name=search_term_string\"}],\"inLanguage\":\"pt-BR\"},{\"@type\":\"Organization\",\"@id\":\"https:\/\/www.oitchau.com.br\/blog\/#organization\",\"name\":\"Oitchau\",\"url\":\"https:\/\/www.oitchau.com.br\/blog\/\",\"logo\":{\"@type\":\"ImageObject\",\"inLanguage\":\"pt-BR\",\"@id\":\"https:\/\/www.oitchau.com.br\/blog\/#\/schema\/logo\/image\/\",\"url\":\"https:\/\/storage.googleapis.com\/oitchaublog\/2024\/03\/a0e65c6f-design-sem-nome-20.png\",\"contentUrl\":\"https:\/\/storage.googleapis.com\/oitchaublog\/2024\/03\/a0e65c6f-design-sem-nome-20.png\",\"width\":696,\"height\":696,\"caption\":\"Oitchau\"},\"image\":{\"@id\":\"https:\/\/www.oitchau.com.br\/blog\/#\/schema\/logo\/image\/\"},\"sameAs\":[\"https:\/\/www.facebook.com\/oitchaubr\/\",\"https:\/\/twitter.com\/oitchaubr\",\"https:\/\/instagram.com\/oitchaubr\"],\"description\":\"A Oitchau \u00e9 uma solu\u00e7\u00e3o completa para gest\u00e3o de tempo dos colaboradores, atrav\u00e9s de suas solu\u00e7\u00f5es de controle de ponto & timesheets, ela permite que gestores, RH e DP possam gerenciar desde a jornada de trabalho de funcion\u00e1rios at\u00e9 a gest\u00e3o de tempo em projetos. Elevando o n\u00edvel estrat\u00e9gico do neg\u00f3cio de forma inteligente e assertiva, potencializando seus resultados e garantindo compliance com a Lei.\",\"email\":\"contato@oitchau.com.br\",\"telephone\":\"+551142102846\",\"foundingDate\":\"2016-01-01\",\"numberOfEmployees\":{\"@type\":\"QuantitativeValue\",\"minValue\":\"51\",\"maxValue\":\"200\"}}]}<\/script>\n<!-- \/ Yoast SEO Premium plugin. -->","yoast_head_json":{"title":"Oitchau Blog | Controle de Ponto &amp; Timesheets","description":"O Blog do Oitchau est\u00e1 repleto de conte\u00fados ricos para ajudar as empresas e o RH a facilitarem a sua rotina no dia a dia.","robots":{"index":"index","follow":"follow","max-snippet":"max-snippet:-1","max-image-preview":"max-image-preview:large","max-video-preview":"max-video-preview:-1"},"canonical":"https:\/\/www.oitchau.com.br\/blog\/","og_locale":"pt_BR","og_type":"article","og_title":"Oitchau Blog","og_description":"O Blog do Oitchau est\u00e1 repleto de conte\u00fados ricos para ajudar as empresas e o RH a facilitarem a sua rotina no dia a dia.","og_url":"https:\/\/www.oitchau.com.br\/blog\/","og_site_name":"Controle de Ponto &amp; Timesheets","article_publisher":"https:\/\/www.facebook.com\/oitchaubr\/","article_modified_time":"2023-06-28T15:26:38+00:00","og_image":[{"width":180,"height":180,"url":"https:\/\/storage.googleapis.com\/oitchaublog\/2018\/06\/a5ddb444-version_blue.png","type":"image\/png"}],"twitter_card":"summary_large_image","twitter_site":"@oitchaubr","schema":{"@context":"https:\/\/schema.org","@graph":[{"@type":"WebPage","@id":"https:\/\/www.oitchau.com.br\/blog\/","url":"https:\/\/www.oitchau.com.br\/blog\/","name":"Oitchau Blog | Controle de Ponto &amp; Timesheets","isPartOf":{"@id":"https:\/\/www.oitchau.com.br\/blog\/#website"},"datePublished":"2018-05-17T23:31:21+00:00","dateModified":"2023-06-28T15:26:38+00:00","description":"O Blog do Oitchau est\u00e1 repleto de conte\u00fados ricos para ajudar as empresas e o RH a facilitarem a sua rotina no dia a dia.","breadcrumb":{"@id":"https:\/\/www.oitchau.com.br\/blog\/#breadcrumb"},"inLanguage":"pt-BR","potentialAction":[{"@type":"ReadAction","target":["https:\/\/www.oitchau.com.br\/blog\/"]}]},{"@type":"BreadcrumbList","@id":"https:\/\/www.oitchau.com.br\/blog\/#breadcrumb","itemListElement":[{"@type":"ListItem","position":1,"name":"Blog","item":"https:\/\/www.oitchau.com.br\/blog\/"},{"@type":"ListItem","position":2,"name":"Oitchau Blog"}]},{"@type":"WebSite","@id":"https:\/\/www.oitchau.com.br\/blog\/#website","url":"https:\/\/www.oitchau.com.br\/blog\/","name":"Controle de Ponto & Timesheets","description":"","publisher":{"@id":"https:\/\/www.oitchau.com.br\/blog\/#organization"},"potentialAction":[{"@type":"SearchAction","target":{"@type":"EntryPoint","urlTemplate":"https:\/\/www.oitchau.com.br\/blog\/?s={search_term_string}"},"query-input":"required name=search_term_string"}],"inLanguage":"pt-BR"},{"@type":"Organization","@id":"https:\/\/www.oitchau.com.br\/blog\/#organization","name":"Oitchau","url":"https:\/\/www.oitchau.com.br\/blog\/","logo":{"@type":"ImageObject","inLanguage":"pt-BR","@id":"https:\/\/www.oitchau.com.br\/blog\/#\/schema\/logo\/image\/","url":"https:\/\/storage.googleapis.com\/oitchaublog\/2024\/03\/a0e65c6f-design-sem-nome-20.png","contentUrl":"https:\/\/storage.googleapis.com\/oitchaublog\/2024\/03\/a0e65c6f-design-sem-nome-20.png","width":696,"height":696,"caption":"Oitchau"},"image":{"@id":"https:\/\/www.oitchau.com.br\/blog\/#\/schema\/logo\/image\/"},"sameAs":["https:\/\/www.facebook.com\/oitchaubr\/","https:\/\/twitter.com\/oitchaubr","https:\/\/instagram.com\/oitchaubr"],"description":"A Oitchau \u00e9 uma solu\u00e7\u00e3o completa para gest\u00e3o de tempo dos colaboradores, atrav\u00e9s de suas solu\u00e7\u00f5es de controle de ponto & timesheets, ela permite que gestores, RH e DP possam gerenciar desde a jornada de trabalho de funcion\u00e1rios at\u00e9 a gest\u00e3o de tempo em projetos. Elevando o n\u00edvel estrat\u00e9gico do neg\u00f3cio de forma inteligente e assertiva, potencializando seus resultados e garantindo compliance com a Lei.","email":"contato@oitchau.com.br","telephone":"+551142102846","foundingDate":"2016-01-01","numberOfEmployees":{"@type":"QuantitativeValue","minValue":"51","maxValue":"200"}}]}},"_links":{"self":[{"href":"http:\/\/www.oitchau.com.br\/blog\/wp-json\/wp\/v2\/pages\/724"}],"collection":[{"href":"http:\/\/www.oitchau.com.br\/blog\/wp-json\/wp\/v2\/pages"}],"about":[{"href":"http:\/\/www.oitchau.com.br\/blog\/wp-json\/wp\/v2\/types\/page"}],"author":[{"embeddable":true,"href":"http:\/\/www.oitchau.com.br\/blog\/wp-json\/wp\/v2\/users\/1"}],"replies":[{"embeddable":true,"href":"http:\/\/www.oitchau.com.br\/blog\/wp-json\/wp\/v2\/comments?post=724"}],"version-history":[{"count":8,"href":"http:\/\/www.oitchau.com.br\/blog\/wp-json\/wp\/v2\/pages\/724\/revisions"}],"predecessor-version":[{"id":20648,"href":"http:\/\/www.oitchau.com.br\/blog\/wp-json\/wp\/v2\/pages\/724\/revisions\/20648"}],"wp:attachment":[{"href":"http:\/\/www.oitchau.com.br\/blog\/wp-json\/wp\/v2\/media?parent=724"}],"curies":[{"name":"wp","href":"https:\/\/api.w.org\/{rel}","templated":true}]}}